{"id":318,"date":"2024-08-11T15:32:09","date_gmt":"2024-08-11T15:32:09","guid":{"rendered":"https:\/\/momentumfacilitation.org\/?page_id=318"},"modified":"2024-09-03T15:34:43","modified_gmt":"2024-09-03T15:34:43","slug":"resources","status":"publish","type":"page","link":"https:\/\/momentumfacilitation.org\/fr\/resources\/","title":{"rendered":"Ressources"},"content":{"rendered":"<div class=\"wp-block-group alignfull has-base-2-background-color has-background has-global-padding is-layout-constrained wp-block-group-is-layout-constrained\">\n<h1 class=\"wp-block-heading has-text-align-center is-style-default has-x-large-font-size\"><strong>Outils &amp; M\u00e9thodologies<\/strong><\/h1>\n\n\n\n<div class=\"wp-block-group is-vertical is-content-justification-center is-layout-flex wp-container-core-group-is-layout-6329a8f3 wp-block-group-is-layout-flex\">\n<p class=\"has-text-align-center\">Nous concevons nos ateliers et nos accompagnements sur mesure en utilisant des outils et des m\u00e9thodologies puissantes.<\/p>\n<\/div>\n\n\n\n<div style=\"height:22px\" aria-hidden=\"true\" class=\"wp-block-spacer\"><\/div>\n<\/div>\n\n\n\n<div class=\"wp-block-group alignfull has-global-padding is-layout-constrained wp-container-core-group-is-layout-220db045 wp-block-group-is-layout-constrained\" style=\"margin-top:0;margin-bottom:0;padding-top:var(--wp--preset--spacing--20);padding-right:var(--wp--preset--spacing--50);padding-bottom:0;padding-left:var(--wp--preset--spacing--50)\">\n<div class=\"wp-block-group alignwide has-global-padding is-layout-constrained wp-container-core-group-is-layout-19e250f3 wp-block-group-is-layout-constrained\">\n<div class=\"wp-block-group alignwide has-global-padding is-layout-constrained wp-block-group-is-layout-constrained\">\n<h2 class=\"wp-block-heading has-text-align-center has-large-font-size\" style=\"padding-top:0;padding-right:var(--wp--preset--spacing--30);padding-bottom:0;padding-left:var(--wp--preset--spacing--30)\"><strong>Inner Development Goals (Objectifs de D\u00e9veloppement Int\u00e9rieur)<\/strong><\/h2>\n\n\n\n<div class=\"wp-block-columns alignwide is-layout-flex wp-container-core-columns-is-layout-d1c656ed wp-block-columns-is-layout-flex\">\n<div class=\"wp-block-column is-vertically-aligned-center is-layout-flow wp-block-column-is-layout-flow\" style=\"flex-basis:70%\">\n<p>Nous utilisons le cadre des objectifs de d\u00e9veloppement int\u00e9rieur pour nous aider \u00e0 d\u00e9velopper les comp\u00e9tences n\u00e9cessaires au d\u00e9veloppement durable, en augmentant nos capacit\u00e9s collectives \u00e0 faire face \u00e0 des d\u00e9fis complexes et \u00e0 y travailler efficacement.&nbsp;<\/p>\n<\/div>\n\n\n\n<div class=\"wp-block-column is-layout-flow wp-block-column-is-layout-flow\" style=\"flex-basis:30%\">\n<figure class=\"wp-block-image aligncenter size-full is-style-rounded wp-duotone-unset-2 is-style-rounded--1\"><img loading=\"lazy\" decoding=\"async\" width=\"2560\" height=\"1446\" src=\"https:\/\/momentumfacilitation.org\/wp-content\/uploads\/2024\/08\/Resources-IDG3-scaled.jpg\" alt=\"\" class=\"wp-image-546\" srcset=\"https:\/\/momentumfacilitation.org\/wp-content\/uploads\/2024\/08\/Resources-IDG3-scaled.jpg 2560w, https:\/\/momentumfacilitation.org\/wp-content\/uploads\/2024\/08\/Resources-IDG3-300x169.jpg 300w, https:\/\/momentumfacilitation.org\/wp-content\/uploads\/2024\/08\/Resources-IDG3-1024x578.jpg 1024w, https:\/\/momentumfacilitation.org\/wp-content\/uploads\/2024\/08\/Resources-IDG3-768x434.jpg 768w, https:\/\/momentumfacilitation.org\/wp-content\/uploads\/2024\/08\/Resources-IDG3-1536x868.jpg 1536w, https:\/\/momentumfacilitation.org\/wp-content\/uploads\/2024\/08\/Resources-IDG3-2048x1157.jpg 2048w\" sizes=\"auto, (max-width: 2560px) 100vw, 2560px\" \/><\/figure>\n<\/div>\n<\/div>\n<\/div>\n\n\n\n<div style=\"height:var(--wp--preset--spacing--40)\" aria-hidden=\"true\" class=\"wp-block-spacer\"><\/div>\n\n\n\n<div class=\"wp-block-group alignwide has-global-padding is-layout-constrained wp-block-group-is-layout-constrained\">\n<h2 class=\"wp-block-heading has-text-align-center has-large-font-size\" style=\"padding-top:0;padding-right:var(--wp--preset--spacing--30);padding-bottom:0;padding-left:var(--wp--preset--spacing--30)\"><strong>LEGO Serious Play<\/strong><\/h2>\n\n\n\n<div class=\"wp-block-columns alignwide is-layout-flex wp-container-core-columns-is-layout-d1c656ed wp-block-columns-is-layout-flex\">\n<div class=\"wp-block-column is-layout-flow wp-block-column-is-layout-flow\" style=\"flex-basis:30%\">\n<figure class=\"wp-block-image aligncenter size-full is-style-rounded is-style-rounded--3\"><img loading=\"lazy\" decoding=\"async\" width=\"408\" height=\"408\" src=\"https:\/\/momentumfacilitation.org\/wp-content\/uploads\/2024\/08\/Events-lego2-1-edited.jpg\" alt=\"\" class=\"wp-image-516\" style=\"aspect-ratio:4\/3;object-fit:cover\" srcset=\"https:\/\/momentumfacilitation.org\/wp-content\/uploads\/2024\/08\/Events-lego2-1-edited.jpg 408w, https:\/\/momentumfacilitation.org\/wp-content\/uploads\/2024\/08\/Events-lego2-1-edited-300x300.jpg 300w, https:\/\/momentumfacilitation.org\/wp-content\/uploads\/2024\/08\/Events-lego2-1-edited-150x150.jpg 150w\" sizes=\"auto, (max-width: 408px) 100vw, 408px\" \/><\/figure>\n<\/div>\n\n\n\n<div class=\"wp-block-column is-vertically-aligned-center is-layout-flow wp-block-column-is-layout-flow\" style=\"flex-basis:70%\">\n<p>Nous sommes form\u00e9es \u00e0 la m\u00e9thode <a href=\"https:\/\/www.climateplay.org\/\">Climate Play.<\/a>Gr\u00e2ce aux mod\u00e8les LEGO, nous pensons avec nos mains et exploitons le pouvoir de la m\u00e9taphore et de la narration pour naviguer dans la complexit\u00e9. Ce faisant, nous g\u00e9n\u00e9rons des id\u00e9es et de l'\u00e9nergie pour un mouvement environnemental plus efficace.&nbsp;<\/p>\n<\/div>\n<\/div>\n<\/div>\n\n\n\n<div style=\"height:42px\" aria-hidden=\"true\" class=\"wp-block-spacer\"><\/div>\n\n\n\n<div class=\"wp-block-group alignwide has-global-padding is-layout-constrained wp-block-group-is-layout-constrained\">\n<h2 class=\"wp-block-heading has-text-align-center has-large-font-size\" style=\"padding-top:0;padding-right:var(--wp--preset--spacing--30);padding-bottom:0;padding-left:var(--wp--preset--spacing--30)\"><strong>Th\u00e9orie U<\/strong><\/h2>\n\n\n\n<div class=\"wp-block-columns alignwide is-layout-flex wp-container-core-columns-is-layout-d1c656ed wp-block-columns-is-layout-flex\">\n<div class=\"wp-block-column is-vertically-aligned-center is-layout-flow wp-block-column-is-layout-flow\" style=\"flex-basis:70%\">\n<p>Nous visons \u00e0 cr\u00e9er des environnements dans lesquels nous pouvons abandonner les pens\u00e9es rigides, nous connecter \u00e0 notre intuition et permettre \u00e0 un nouvel avenir d'\u00e9merger, plut\u00f4t que de nous attacher \u00e0 des r\u00e9sultats fixes ou de r\u00e9sister au changement.<\/p>\n<\/div>\n\n\n\n<div class=\"wp-block-column is-layout-flow wp-block-column-is-layout-flow\" style=\"flex-basis:30%\">\n<figure class=\"wp-block-image aligncenter size-full is-style-rounded is-style-rounded--4\"><img loading=\"lazy\" decoding=\"async\" width=\"1000\" height=\"400\" src=\"https:\/\/momentumfacilitation.org\/wp-content\/uploads\/2024\/08\/resources-U.webp\" alt=\"\" class=\"wp-image-324\" style=\"aspect-ratio:4\/3;object-fit:cover\" srcset=\"https:\/\/momentumfacilitation.org\/wp-content\/uploads\/2024\/08\/resources-U.webp 1000w, https:\/\/momentumfacilitation.org\/wp-content\/uploads\/2024\/08\/resources-U-300x120.webp 300w, https:\/\/momentumfacilitation.org\/wp-content\/uploads\/2024\/08\/resources-U-768x307.webp 768w\" sizes=\"auto, (max-width: 1000px) 100vw, 1000px\" \/><\/figure>\n<\/div>\n<\/div>\n<\/div>\n\n\n\n<div style=\"height:var(--wp--preset--spacing--40)\" aria-hidden=\"true\" class=\"wp-block-spacer\"><\/div>\n\n\n\n<div class=\"wp-block-group alignwide has-global-padding is-layout-constrained wp-block-group-is-layout-constrained\">\n<h2 class=\"wp-block-heading has-text-align-center has-large-font-size\" style=\"padding-top:0;padding-right:var(--wp--preset--spacing--30);padding-bottom:0;padding-left:var(--wp--preset--spacing--30)\"><strong>Le Travail Qui Relie<\/strong><\/h2>\n\n\n\n<div class=\"wp-block-columns alignwide is-layout-flex wp-container-core-columns-is-layout-d1c656ed wp-block-columns-is-layout-flex\">\n<div class=\"wp-block-column has-medium-font-size is-layout-flow wp-block-column-is-layout-flow\" style=\"padding-top:0;padding-right:0;padding-bottom:0;padding-left:0;flex-basis:30%\">\n<figure class=\"wp-block-image aligncenter size-full is-style-rounded wp-duotone-unset-6 is-style-rounded--5\"><img loading=\"lazy\" decoding=\"async\" width=\"640\" height=\"640\" src=\"https:\/\/momentumfacilitation.org\/wp-content\/uploads\/2024\/08\/Resources-WTR3.png\" alt=\"\" class=\"wp-image-547\" style=\"aspect-ratio:4\/3;object-fit:contain\" srcset=\"https:\/\/momentumfacilitation.org\/wp-content\/uploads\/2024\/08\/Resources-WTR3.png 640w, https:\/\/momentumfacilitation.org\/wp-content\/uploads\/2024\/08\/Resources-WTR3-300x300.png 300w, https:\/\/momentumfacilitation.org\/wp-content\/uploads\/2024\/08\/Resources-WTR3-150x150.png 150w\" sizes=\"auto, (max-width: 640px) 100vw, 640px\" \/><\/figure>\n<\/div>\n\n\n\n<div class=\"wp-block-column is-vertically-aligned-center is-layout-flow wp-block-column-is-layout-flow\" style=\"flex-basis:70%\">\n<p>Nous mettons l'accent sur des processus, tels que la spirale de l'esp\u00e9rance en mouvement de Joanna Macy, qui visent \u00e0 nous reconnecter \u00e0 nous-m\u00eames, aux autres et \u00e0 la terre. Ce faisant, nous trouvons notre chemin vers les actions inspir\u00e9es et convaincantes que nous voulons entreprendre.&nbsp;<\/p>\n<\/div>\n<\/div>\n<\/div>\n\n\n\n<div class=\"wp-block-group alignfull hidden has-global-padding is-layout-constrained wp-container-core-group-is-layout-d89aad35 wp-block-group-is-layout-constrained\" style=\"margin-top:0;margin-bottom:0;padding-top:var(--wp--preset--spacing--50);padding-right:var(--wp--preset--spacing--50);padding-bottom:var(--wp--preset--spacing--50);padding-left:var(--wp--preset--spacing--50)\">\n<div class=\"wp-block-group alignwide has-base-2-background-color has-background is-layout-flow wp-block-group-is-layout-flow\" style=\"border-radius:16px;padding-top:var(--wp--preset--spacing--50);padding-right:var(--wp--preset--spacing--50);padding-bottom:var(--wp--preset--spacing--50);padding-left:var(--wp--preset--spacing--50)\">\n<h1 class=\"wp-block-heading has-text-align-center is-style-default has-x-large-font-size\"><strong>Our Partners<\/strong><\/h1>\n\n\n\n<div style=\"height:var(--wp--preset--spacing--10)\" aria-hidden=\"true\" class=\"wp-block-spacer\"><\/div>\n\n\n\n<div class=\"wp-block-group alignwide is-content-justification-center is-layout-flex wp-container-core-group-is-layout-f95ffa09 wp-block-group-is-layout-flex\" style=\"padding-top:0;padding-right:0;padding-bottom:0;padding-left:0\">\n<figure class=\"wp-block-image size-full is-resized\"><img loading=\"lazy\" decoding=\"async\" width=\"200\" height=\"200\" src=\"https:\/\/momentumfacilitation.org\/wp-content\/uploads\/2024\/08\/Resources-IGD.png\" alt=\"\" class=\"wp-image-487\" style=\"aspect-ratio:4\/3;object-fit:contain;width:150px\" srcset=\"https:\/\/momentumfacilitation.org\/wp-content\/uploads\/2024\/08\/Resources-IGD.png 200w, https:\/\/momentumfacilitation.org\/wp-content\/uploads\/2024\/08\/Resources-IGD-150x150.png 150w\" sizes=\"auto, (max-width: 200px) 100vw, 200px\" \/><\/figure>\n<\/div>\n<\/div>\n<\/div>\n<\/div>\n<\/div>","protected":false},"excerpt":{"rendered":"<p>Tools &amp; Frameworks We design our tailored workshops and journeys using some powerful tools &amp; frameworks. Inner Development Goals We use the Inner Development Goal framework to help us focus on the skills needed for sustainable development, increasing our collective abilities to face and effectively work with complex challenges.&nbsp; LEGO Serious Play for Sustainability We [&hellip;]<\/p>","protected":false},"author":1,"featured_media":0,"parent":0,"menu_order":0,"comment_status":"closed","ping_status":"closed","template":"","meta":{"footnotes":""},"class_list":["post-318","page","type-page","status-publish","hentry"],"yoast_head":"<!-- This site is optimized with the Yoast SEO plugin v24.8 - https:\/\/yoast.com\/wordpress\/plugins\/seo\/ -->\n<title>Resources - Momentum Facilitation<\/title>\n<meta name=\"robots\" content=\"index, follow, max-snippet:-1, max-image-preview:large, max-video-preview:-1\" \/>\n<link rel=\"canonical\" href=\"https:\/\/momentumfacilitation.org\/fr\/resources\/\" \/>\n<meta property=\"og:locale\" content=\"fr_FR\" \/>\n<meta property=\"og:type\" content=\"article\" \/>\n<meta property=\"og:title\" content=\"Resources - Momentum Facilitation\" \/>\n<meta property=\"og:description\" content=\"Tools &amp; Frameworks We design our tailored workshops and journeys using some powerful tools &amp; frameworks. Inner Development Goals We use the Inner Development Goal framework to help us focus on the skills needed for sustainable development, increasing our collective abilities to face and effectively work with complex challenges.&nbsp; LEGO Serious Play for Sustainability We [&hellip;]\" \/>\n<meta property=\"og:url\" content=\"https:\/\/momentumfacilitation.org\/fr\/resources\/\" \/>\n<meta property=\"og:site_name\" content=\"Momentum Facilitation\" \/>\n<meta property=\"article:modified_time\" content=\"2024-09-03T15:34:43+00:00\" \/>\n<meta property=\"og:image\" content=\"https:\/\/momentumfacilitation.org\/wp-content\/uploads\/2024\/08\/Resources-IDG3-scaled.jpg\" \/>\n<meta name=\"twitter:card\" content=\"summary_large_image\" \/>\n<meta name=\"twitter:label1\" content=\"Dur\u00e9e de lecture est.\" \/>\n\t<meta name=\"twitter:data1\" content=\"1 minute\" \/>\n<script type=\"application\/ld+json\" class=\"yoast-schema-graph\">{\"@context\":\"https:\/\/schema.org\",\"@graph\":[{\"@type\":\"WebPage\",\"@id\":\"https:\/\/momentumfacilitation.org\/resources\/\",\"url\":\"https:\/\/momentumfacilitation.org\/resources\/\",\"name\":\"Resources - Momentum Facilitation\",\"isPartOf\":{\"@id\":\"https:\/\/momentumfacilitation-f6bca0.ingress-comporellon.ewp.live\/#website\"},\"primaryImageOfPage\":{\"@id\":\"https:\/\/momentumfacilitation.org\/resources\/#primaryimage\"},\"image\":{\"@id\":\"https:\/\/momentumfacilitation.org\/resources\/#primaryimage\"},\"thumbnailUrl\":\"https:\/\/momentumfacilitation.org\/wp-content\/uploads\/2024\/08\/Resources-IDG3-scaled.jpg\",\"datePublished\":\"2024-08-11T15:32:09+00:00\",\"dateModified\":\"2024-09-03T15:34:43+00:00\",\"breadcrumb\":{\"@id\":\"https:\/\/momentumfacilitation.org\/resources\/#breadcrumb\"},\"inLanguage\":\"fr-BE\",\"potentialAction\":[{\"@type\":\"ReadAction\",\"target\":[\"https:\/\/momentumfacilitation.org\/resources\/\"]}]},{\"@type\":\"ImageObject\",\"inLanguage\":\"fr-BE\",\"@id\":\"https:\/\/momentumfacilitation.org\/resources\/#primaryimage\",\"url\":\"https:\/\/momentumfacilitation.org\/wp-content\/uploads\/2024\/08\/Resources-IDG3-scaled.jpg\",\"contentUrl\":\"https:\/\/momentumfacilitation.org\/wp-content\/uploads\/2024\/08\/Resources-IDG3-scaled.jpg\"},{\"@type\":\"BreadcrumbList\",\"@id\":\"https:\/\/momentumfacilitation.org\/resources\/#breadcrumb\",\"itemListElement\":[{\"@type\":\"ListItem\",\"position\":1,\"name\":\"Home\",\"item\":\"https:\/\/momentumfacilitation.org\/\"},{\"@type\":\"ListItem\",\"position\":2,\"name\":\"Resources\"}]},{\"@type\":\"WebSite\",\"@id\":\"https:\/\/momentumfacilitation-f6bca0.ingress-comporellon.ewp.live\/#website\",\"url\":\"https:\/\/momentumfacilitation-f6bca0.ingress-comporellon.ewp.live\/\",\"name\":\"Momentum Facilitation\",\"description\":\"\",\"publisher\":{\"@id\":\"https:\/\/momentumfacilitation-f6bca0.ingress-comporellon.ewp.live\/#organization\"},\"potentialAction\":[{\"@type\":\"SearchAction\",\"target\":{\"@type\":\"EntryPoint\",\"urlTemplate\":\"https:\/\/momentumfacilitation-f6bca0.ingress-comporellon.ewp.live\/?s={search_term_string}\"},\"query-input\":{\"@type\":\"PropertyValueSpecification\",\"valueRequired\":true,\"valueName\":\"search_term_string\"}}],\"inLanguage\":\"fr-BE\"},{\"@type\":\"Organization\",\"@id\":\"https:\/\/momentumfacilitation-f6bca0.ingress-comporellon.ewp.live\/#organization\",\"name\":\"Momentum Facilitation\",\"url\":\"https:\/\/momentumfacilitation-f6bca0.ingress-comporellon.ewp.live\/\",\"logo\":{\"@type\":\"ImageObject\",\"inLanguage\":\"fr-BE\",\"@id\":\"https:\/\/momentumfacilitation-f6bca0.ingress-comporellon.ewp.live\/#\/schema\/logo\/image\/\",\"url\":\"https:\/\/momentumfacilitation.org\/wp-content\/uploads\/2024\/08\/20250429-Logo-Round.png\",\"contentUrl\":\"https:\/\/momentumfacilitation.org\/wp-content\/uploads\/2024\/08\/20250429-Logo-Round.png\",\"width\":416,\"height\":416,\"caption\":\"Momentum Facilitation\"},\"image\":{\"@id\":\"https:\/\/momentumfacilitation-f6bca0.ingress-comporellon.ewp.live\/#\/schema\/logo\/image\/\"}}]}<\/script>\n<!-- \/ Yoast SEO plugin. -->","yoast_head_json":{"title":"Resources - Momentum Facilitation","robots":{"index":"index","follow":"follow","max-snippet":"max-snippet:-1","max-image-preview":"max-image-preview:large","max-video-preview":"max-video-preview:-1"},"canonical":"https:\/\/momentumfacilitation.org\/fr\/resources\/","og_locale":"fr_FR","og_type":"article","og_title":"Resources - Momentum Facilitation","og_description":"Tools &amp; Frameworks We design our tailored workshops and journeys using some powerful tools &amp; frameworks. Inner Development Goals We use the Inner Development Goal framework to help us focus on the skills needed for sustainable development, increasing our collective abilities to face and effectively work with complex challenges.&nbsp; LEGO Serious Play for Sustainability We [&hellip;]","og_url":"https:\/\/momentumfacilitation.org\/fr\/resources\/","og_site_name":"Momentum Facilitation","article_modified_time":"2024-09-03T15:34:43+00:00","og_image":[{"url":"https:\/\/momentumfacilitation.org\/wp-content\/uploads\/2024\/08\/Resources-IDG3-scaled.jpg","type":"","width":"","height":""}],"twitter_card":"summary_large_image","twitter_misc":{"Dur\u00e9e de lecture est.":"1 minute"},"schema":{"@context":"https:\/\/schema.org","@graph":[{"@type":"WebPage","@id":"https:\/\/momentumfacilitation.org\/resources\/","url":"https:\/\/momentumfacilitation.org\/resources\/","name":"Resources - Momentum Facilitation","isPartOf":{"@id":"https:\/\/momentumfacilitation-f6bca0.ingress-comporellon.ewp.live\/#website"},"primaryImageOfPage":{"@id":"https:\/\/momentumfacilitation.org\/resources\/#primaryimage"},"image":{"@id":"https:\/\/momentumfacilitation.org\/resources\/#primaryimage"},"thumbnailUrl":"https:\/\/momentumfacilitation.org\/wp-content\/uploads\/2024\/08\/Resources-IDG3-scaled.jpg","datePublished":"2024-08-11T15:32:09+00:00","dateModified":"2024-09-03T15:34:43+00:00","breadcrumb":{"@id":"https:\/\/momentumfacilitation.org\/resources\/#breadcrumb"},"inLanguage":"fr-BE","potentialAction":[{"@type":"ReadAction","target":["https:\/\/momentumfacilitation.org\/resources\/"]}]},{"@type":"ImageObject","inLanguage":"fr-BE","@id":"https:\/\/momentumfacilitation.org\/resources\/#primaryimage","url":"https:\/\/momentumfacilitation.org\/wp-content\/uploads\/2024\/08\/Resources-IDG3-scaled.jpg","contentUrl":"https:\/\/momentumfacilitation.org\/wp-content\/uploads\/2024\/08\/Resources-IDG3-scaled.jpg"},{"@type":"BreadcrumbList","@id":"https:\/\/momentumfacilitation.org\/resources\/#breadcrumb","itemListElement":[{"@type":"ListItem","position":1,"name":"Home","item":"https:\/\/momentumfacilitation.org\/"},{"@type":"ListItem","position":2,"name":"Resources"}]},{"@type":"WebSite","@id":"https:\/\/momentumfacilitation-f6bca0.ingress-comporellon.ewp.live\/#website","url":"https:\/\/momentumfacilitation-f6bca0.ingress-comporellon.ewp.live\/","name":"Momentum Facilitation","description":"","publisher":{"@id":"https:\/\/momentumfacilitation-f6bca0.ingress-comporellon.ewp.live\/#organization"},"potentialAction":[{"@type":"SearchAction","target":{"@type":"EntryPoint","urlTemplate":"https:\/\/momentumfacilitation-f6bca0.ingress-comporellon.ewp.live\/?s={search_term_string}"},"query-input":{"@type":"PropertyValueSpecification","valueRequired":true,"valueName":"search_term_string"}}],"inLanguage":"fr-BE"},{"@type":"Organization","@id":"https:\/\/momentumfacilitation-f6bca0.ingress-comporellon.ewp.live\/#organization","name":"Momentum Facilitation","url":"https:\/\/momentumfacilitation-f6bca0.ingress-comporellon.ewp.live\/","logo":{"@type":"ImageObject","inLanguage":"fr-BE","@id":"https:\/\/momentumfacilitation-f6bca0.ingress-comporellon.ewp.live\/#\/schema\/logo\/image\/","url":"https:\/\/momentumfacilitation.org\/wp-content\/uploads\/2024\/08\/20250429-Logo-Round.png","contentUrl":"https:\/\/momentumfacilitation.org\/wp-content\/uploads\/2024\/08\/20250429-Logo-Round.png","width":416,"height":416,"caption":"Momentum Facilitation"},"image":{"@id":"https:\/\/momentumfacilitation-f6bca0.ingress-comporellon.ewp.live\/#\/schema\/logo\/image\/"}}]}},"_links":{"self":[{"href":"https:\/\/momentumfacilitation.org\/fr\/wp-json\/wp\/v2\/pages\/318","targetHints":{"allow":["GET"]}}],"collection":[{"href":"https:\/\/momentumfacilitation.org\/fr\/wp-json\/wp\/v2\/pages"}],"about":[{"href":"https:\/\/momentumfacilitation.org\/fr\/wp-json\/wp\/v2\/types\/page"}],"author":[{"embeddable":true,"href":"https:\/\/momentumfacilitation.org\/fr\/wp-json\/wp\/v2\/users\/1"}],"replies":[{"embeddable":true,"href":"https:\/\/momentumfacilitation.org\/fr\/wp-json\/wp\/v2\/comments?post=318"}],"version-history":[{"count":5,"href":"https:\/\/momentumfacilitation.org\/fr\/wp-json\/wp\/v2\/pages\/318\/revisions"}],"predecessor-version":[{"id":669,"href":"https:\/\/momentumfacilitation.org\/fr\/wp-json\/wp\/v2\/pages\/318\/revisions\/669"}],"wp:attachment":[{"href":"https:\/\/momentumfacilitation.org\/fr\/wp-json\/wp\/v2\/media?parent=318"}],"curies":[{"name":"wp","href":"https:\/\/api.w.org\/{rel}","templated":true}]}}