{"id":414,"date":"2024-08-12T20:20:26","date_gmt":"2024-08-12T20:20:26","guid":{"rendered":"https:\/\/momentumfacilitation.org\/?page_id=414"},"modified":"2024-08-15T13:29:04","modified_gmt":"2024-08-15T13:29:04","slug":"about","status":"publish","type":"page","link":"https:\/\/momentumfacilitation.org\/fr\/about\/","title":{"rendered":"\u00c0 propos"},"content":{"rendered":"<div class=\"wp-block-group alignfull has-global-padding is-layout-constrained wp-container-core-group-is-layout-0b8162c0 wp-block-group-is-layout-constrained\" style=\"border-style:none;border-width:0px;border-radius:0px;margin-top:0;margin-bottom:0;padding-top:var(--wp--preset--spacing--10);padding-right:var(--wp--preset--spacing--30);padding-bottom:var(--wp--preset--spacing--10);padding-left:var(--wp--preset--spacing--30)\">\n<div class=\"wp-block-group alignwide is-vertical is-content-justification-center is-layout-flex wp-container-core-group-is-layout-ce155fab wp-block-group-is-layout-flex\">\n<h2 class=\"wp-block-heading has-text-align-center has-xx-large-font-size\">Notre \u00c9quipe<\/h2>\n\n\n\n<p class=\"has-text-align-center\">Nous sommes un collectif de facilitateurices aux comp\u00e9tences compl\u00e9mentaires avec une vision commune, travaillant \u00e0 l'intersection du d\u00e9veloppement int\u00e9rieur et de l'action ext\u00e9rieure.<\/p>\n<\/div>\n\n\n\n<div style=\"height:var(--wp--preset--spacing--30)\" aria-hidden=\"true\" class=\"wp-block-spacer\"><\/div>\n\n\n\n<div class=\"wp-block-group alignwide has-base-2-background-color has-background has-global-padding is-layout-constrained wp-block-group-is-layout-constrained\" style=\"border-style:none;border-width:0px;border-radius:20px\">\n<div class=\"wp-block-group alignwide is-nowrap is-layout-flex wp-container-core-group-is-layout-6c531013 wp-block-group-is-layout-flex\">\n<div class=\"wp-block-columns wp-container-content-9cfa9a5a is-layout-flex wp-container-core-columns-is-layout-28f84493 wp-block-columns-is-layout-flex\">\n<div class=\"wp-block-column is-vertically-aligned-center is-layout-flow wp-block-column-is-layout-flow\" style=\"flex-basis:30%\">\n<figure class=\"wp-block-image aligncenter size-full has-custom-border\"><img loading=\"lazy\" decoding=\"async\" width=\"290\" height=\"290\" src=\"https:\/\/momentumfacilitation.org\/wp-content\/uploads\/2024\/08\/Acacia-edited-1.png\" alt=\"\" class=\"has-border-color has-base-2-border-color wp-image-399\" style=\"border-width:25px;border-radius:26px\" srcset=\"https:\/\/momentumfacilitation.org\/wp-content\/uploads\/2024\/08\/Acacia-edited-1.png 290w, https:\/\/momentumfacilitation.org\/wp-content\/uploads\/2024\/08\/Acacia-edited-1-150x150.png 150w\" sizes=\"auto, (max-width: 290px) 100vw, 290px\" \/><\/figure>\n<\/div>\n\n\n\n<div class=\"wp-block-column is-vertically-aligned-center is-layout-flow wp-block-column-is-layout-flow\" style=\"padding-top:var(--wp--preset--spacing--30);padding-right:var(--wp--preset--spacing--40);padding-bottom:var(--wp--preset--spacing--30);padding-left:var(--wp--preset--spacing--10)\">\n<div class=\"wp-block-group is-vertical is-content-justification-left is-nowrap is-layout-flex wp-container-core-group-is-layout-16a7b18b wp-block-group-is-layout-flex\">\n<p class=\"has-text-align-left has-large-font-size\"><a href=\"https:\/\/www.linkedin.com\/in\/acacia-smith-1226ba5a\/\" target=\"_blank\" rel=\"noreferrer noopener\">Acacia Smith<\/a><\/p>\n<\/div>\n\n\n\n<p class=\"text-align: justify\" style=\"font-style:normal;font-weight:300\">Facilitatrice et enseignante certifi\u00e9e de la pleine conscience, elle a \u00e9galement plus de 10 ans d'exp\u00e9rience en tant qu'experte en politique climatique, ax\u00e9e sur la cr\u00e9ation et la facilitation de partenariats de parties prenantes et la recherche de voies communes. Cette exp\u00e9rience l'a amen\u00e9e \u00e0 reconna\u00eetre l'importance d'int\u00e9grer le d\u00e9veloppement des comp\u00e9tences int\u00e9rieures dans le travail ext\u00e9rieur des professionnels du d\u00e9veloppement durable et des acteurs du changement.<\/p>\n<\/div>\n<\/div>\n<\/div>\n\n\n\n<div class=\"wp-block-group alignwide is-nowrap is-layout-flex wp-container-core-group-is-layout-6c531013 wp-block-group-is-layout-flex\">\n<div class=\"wp-block-columns wp-container-content-9cfa9a5a is-layout-flex wp-container-core-columns-is-layout-28f84493 wp-block-columns-is-layout-flex\">\n<div class=\"wp-block-column is-vertically-aligned-center is-layout-flow wp-block-column-is-layout-flow\" style=\"flex-basis:30%\">\n<figure class=\"wp-block-image aligncenter size-full has-custom-border\"><img loading=\"lazy\" decoding=\"async\" width=\"289\" height=\"289\" src=\"https:\/\/momentumfacilitation.org\/wp-content\/uploads\/2024\/08\/Judith-edited-1.png\" alt=\"\" class=\"has-border-color has-base-2-border-color wp-image-336\" style=\"border-width:25px;border-radius:26px\" srcset=\"https:\/\/momentumfacilitation.org\/wp-content\/uploads\/2024\/08\/Judith-edited-1.png 289w, https:\/\/momentumfacilitation.org\/wp-content\/uploads\/2024\/08\/Judith-edited-1-150x150.png 150w\" sizes=\"auto, (max-width: 289px) 100vw, 289px\" \/><\/figure>\n<\/div>\n\n\n\n<div class=\"wp-block-column is-vertically-aligned-center is-layout-flow wp-block-column-is-layout-flow\" style=\"padding-top:var(--wp--preset--spacing--30);padding-right:var(--wp--preset--spacing--40);padding-bottom:var(--wp--preset--spacing--30);padding-left:var(--wp--preset--spacing--10)\">\n<div class=\"wp-block-group is-vertical is-content-justification-left is-nowrap is-layout-flex wp-container-core-group-is-layout-16a7b18b wp-block-group-is-layout-flex\">\n<p class=\"has-text-align-left has-large-font-size\"><a href=\"https:\/\/www.linkedin.com\/in\/judithsaragossi\/\" target=\"_blank\" rel=\"noreferrer noopener\">Judith Saragossi<\/a><\/p>\n<\/div>\n\n\n\n<p class=\"text-align: justify\" style=\"font-style:normal;font-weight:300\">Facilitatrice, coach et consultante en transition environnementale et sociale, elle a pour mission de r\u00e9duire notre empreinte, une organisation \u00e0 la fois. Elle a travaill\u00e9 pendant 10 ans dans le domaine de l'ing\u00e9nierie et du d\u00e9veloppement durable pour l'une des plus grandes multinationales de biens de consommation. Elle anime aujourd'hui une vari\u00e9t\u00e9 de programmes et d'ateliers dans les domaines de l'entrepreneuriat social, de la gouvernance collective et de la transition int\u00e9rieure.<\/p>\n<\/div>\n<\/div>\n<\/div>\n\n\n\n<div class=\"wp-block-group alignwide is-nowrap is-layout-flex wp-container-core-group-is-layout-6c531013 wp-block-group-is-layout-flex\">\n<div class=\"wp-block-columns wp-container-content-9cfa9a5a is-layout-flex wp-container-core-columns-is-layout-28f84493 wp-block-columns-is-layout-flex\">\n<div class=\"wp-block-column is-vertically-aligned-center is-layout-flow wp-block-column-is-layout-flow\" style=\"flex-basis:30%\">\n<figure class=\"wp-block-image aligncenter size-full has-custom-border\"><img loading=\"lazy\" decoding=\"async\" width=\"293\" height=\"293\" src=\"https:\/\/momentumfacilitation.org\/wp-content\/uploads\/2024\/08\/Lettemieke-1-edited.png\" alt=\"\" class=\"has-border-color has-base-2-border-color wp-image-333\" style=\"border-width:25px;border-radius:26px\" srcset=\"https:\/\/momentumfacilitation.org\/wp-content\/uploads\/2024\/08\/Lettemieke-1-edited.png 293w, https:\/\/momentumfacilitation.org\/wp-content\/uploads\/2024\/08\/Lettemieke-1-edited-150x150.png 150w\" sizes=\"auto, (max-width: 293px) 100vw, 293px\" \/><\/figure>\n<\/div>\n\n\n\n<div class=\"wp-block-column is-vertically-aligned-center is-layout-flow wp-block-column-is-layout-flow\" style=\"padding-top:var(--wp--preset--spacing--30);padding-right:var(--wp--preset--spacing--40);padding-bottom:var(--wp--preset--spacing--30);padding-left:var(--wp--preset--spacing--10)\">\n<div class=\"wp-block-group is-vertical is-content-justification-left is-nowrap is-layout-flex wp-container-core-group-is-layout-16a7b18b wp-block-group-is-layout-flex\">\n<p class=\"has-text-align-left has-large-font-size\"><a href=\"https:\/\/www.linkedin.com\/in\/lettemieke-mulder-9b23982\/\" target=\"_blank\" rel=\"noreferrer noopener\">Lettemieke Mulder<\/a><\/p>\n<\/div>\n\n\n\n<p class=\"text-align: justify\" style=\"font-style:normal;font-weight:300\">Conseill\u00e8re, entrepreneuse et facilitatrice en d\u00e9veloppement durable, elle poss\u00e8de plus de 25 ans d'exp\u00e9rience dans la direction et le soutien de programmes de d\u00e9veloppement durable au sein d'organisations toutes fonctions confondues. Elle anime \u00e9galement des programmes et des ateliers ax\u00e9s sur le d\u00e9veloppement personnel et des comp\u00e9tences humaines - la \u00ab dimension int\u00e9rieure \u00bb de la durabilit\u00e9 qui fait souvent d\u00e9faut - et accompagne les acteurs du changement pour qu'ils aient plus d'impact.<\/p>\n<\/div>\n<\/div>\n<\/div>\n\n\n\n<div class=\"wp-block-group alignwide is-nowrap is-layout-flex wp-container-core-group-is-layout-6c531013 wp-block-group-is-layout-flex\">\n<div class=\"wp-block-columns wp-container-content-9cfa9a5a is-layout-flex wp-container-core-columns-is-layout-28f84493 wp-block-columns-is-layout-flex\">\n<div class=\"wp-block-column is-vertically-aligned-center is-layout-flow wp-block-column-is-layout-flow\" style=\"flex-basis:30%\">\n<figure class=\"wp-block-image aligncenter size-full has-custom-border\"><img loading=\"lazy\" decoding=\"async\" width=\"288\" height=\"288\" src=\"https:\/\/momentumfacilitation.org\/wp-content\/uploads\/2024\/08\/Molly-edited.png\" alt=\"\" class=\"has-border-color has-base-2-border-color wp-image-340\" style=\"border-width:25px;border-radius:26px\" srcset=\"https:\/\/momentumfacilitation.org\/wp-content\/uploads\/2024\/08\/Molly-edited.png 288w, https:\/\/momentumfacilitation.org\/wp-content\/uploads\/2024\/08\/Molly-edited-150x150.png 150w\" sizes=\"auto, (max-width: 288px) 100vw, 288px\" \/><\/figure>\n<\/div>\n\n\n\n<div class=\"wp-block-column is-vertically-aligned-center is-layout-flow wp-block-column-is-layout-flow\" style=\"padding-top:var(--wp--preset--spacing--30);padding-right:var(--wp--preset--spacing--40);padding-bottom:var(--wp--preset--spacing--30);padding-left:var(--wp--preset--spacing--10)\">\n<div class=\"wp-block-group is-vertical is-content-justification-left is-nowrap is-layout-flex wp-container-core-group-is-layout-16a7b18b wp-block-group-is-layout-flex\">\n<p class=\"has-text-align-left has-large-font-size\"><a href=\"https:\/\/www.linkedin.com\/in\/mollystevensoncoaching\/\" target=\"_blank\" rel=\"noreferrer noopener\">Molly Stevenson<\/a><\/p>\n<\/div>\n\n\n\n<p class=\"text-align: justify\" style=\"font-style:normal;font-weight:300\">Coach et facilitatrice experiment\u00e9e, Molly travaille avec des acteurs du changement qui sont passionn\u00e9s par l'impact social et environnemental, mais qui se sentent d\u00e9pass\u00e9s par l'ampleur des d\u00e9fis. Forte de 20 ans d'exp\u00e9rience dans le secteur \u00e0 but non lucratif, elle est form\u00e9e \u00e0 diverses modalit\u00e9s th\u00e9rapeutiques et de coaching, notamment le coaching transformatif et le coaching d'\u00e9quipe. Pour plus d'informations, veuillez consulter son <a href=\"http:\/\/www.mollystevensoncoaching.com\" target=\"_blank\" rel=\"noreferrer noopener\">site<\/a>.<\/p>\n<\/div>\n<\/div>\n<\/div>\n<\/div>\n<\/div>","protected":false},"excerpt":{"rendered":"<p>Meet our team We are a collective of facilitators with complementary skills and a shared vision working at the intersection between inner development and outer action. Acacia Smith A facilitator and certified mindfulness teacher, she also has 10+ years experience working as a climate policy expert with a focus on building and facilitating multi-stakeholder partnerships [&hellip;]<\/p>","protected":false},"author":1,"featured_media":0,"parent":0,"menu_order":0,"comment_status":"closed","ping_status":"closed","template":"","meta":{"footnotes":""},"class_list":["post-414","page","type-page","status-publish","hentry"],"yoast_head":"<!-- This site is optimized with the Yoast SEO plugin v24.8 - https:\/\/yoast.com\/wordpress\/plugins\/seo\/ -->\n<title>About - Momentum Facilitation<\/title>\n<meta name=\"robots\" content=\"index, follow, max-snippet:-1, max-image-preview:large, max-video-preview:-1\" \/>\n<link rel=\"canonical\" href=\"https:\/\/momentumfacilitation.org\/fr\/about\/\" \/>\n<meta property=\"og:locale\" content=\"fr_FR\" \/>\n<meta property=\"og:type\" content=\"article\" \/>\n<meta property=\"og:title\" content=\"About - Momentum Facilitation\" \/>\n<meta property=\"og:description\" content=\"Meet our team We are a collective of facilitators with complementary skills and a shared vision working at the intersection between inner development and outer action. Acacia Smith A facilitator and certified mindfulness teacher, she also has 10+ years experience working as a climate policy expert with a focus on building and facilitating multi-stakeholder partnerships [&hellip;]\" \/>\n<meta property=\"og:url\" content=\"https:\/\/momentumfacilitation.org\/fr\/about\/\" \/>\n<meta property=\"og:site_name\" content=\"Momentum Facilitation\" \/>\n<meta property=\"article:modified_time\" content=\"2024-08-15T13:29:04+00:00\" \/>\n<meta property=\"og:image\" content=\"https:\/\/momentumfacilitation.org\/wp-content\/uploads\/2024\/08\/Acacia-edited-1.png\" \/>\n<meta name=\"twitter:card\" content=\"summary_large_image\" \/>\n<meta name=\"twitter:label1\" content=\"Dur\u00e9e de lecture est.\" \/>\n\t<meta name=\"twitter:data1\" content=\"1 minute\" \/>\n<script type=\"application\/ld+json\" class=\"yoast-schema-graph\">{\"@context\":\"https:\/\/schema.org\",\"@graph\":[{\"@type\":\"WebPage\",\"@id\":\"https:\/\/momentumfacilitation.org\/about\/\",\"url\":\"https:\/\/momentumfacilitation.org\/about\/\",\"name\":\"About - Momentum Facilitation\",\"isPartOf\":{\"@id\":\"https:\/\/momentumfacilitation-f6bca0.ingress-comporellon.ewp.live\/#website\"},\"primaryImageOfPage\":{\"@id\":\"https:\/\/momentumfacilitation.org\/about\/#primaryimage\"},\"image\":{\"@id\":\"https:\/\/momentumfacilitation.org\/about\/#primaryimage\"},\"thumbnailUrl\":\"https:\/\/momentumfacilitation.org\/wp-content\/uploads\/2024\/08\/Acacia-edited-1.png\",\"datePublished\":\"2024-08-12T20:20:26+00:00\",\"dateModified\":\"2024-08-15T13:29:04+00:00\",\"breadcrumb\":{\"@id\":\"https:\/\/momentumfacilitation.org\/about\/#breadcrumb\"},\"inLanguage\":\"fr-BE\",\"potentialAction\":[{\"@type\":\"ReadAction\",\"target\":[\"https:\/\/momentumfacilitation.org\/about\/\"]}]},{\"@type\":\"ImageObject\",\"inLanguage\":\"fr-BE\",\"@id\":\"https:\/\/momentumfacilitation.org\/about\/#primaryimage\",\"url\":\"https:\/\/momentumfacilitation.org\/wp-content\/uploads\/2024\/08\/Acacia-edited-1.png\",\"contentUrl\":\"https:\/\/momentumfacilitation.org\/wp-content\/uploads\/2024\/08\/Acacia-edited-1.png\"},{\"@type\":\"BreadcrumbList\",\"@id\":\"https:\/\/momentumfacilitation.org\/about\/#breadcrumb\",\"itemListElement\":[{\"@type\":\"ListItem\",\"position\":1,\"name\":\"Home\",\"item\":\"https:\/\/momentumfacilitation.org\/\"},{\"@type\":\"ListItem\",\"position\":2,\"name\":\"About\"}]},{\"@type\":\"WebSite\",\"@id\":\"https:\/\/momentumfacilitation-f6bca0.ingress-comporellon.ewp.live\/#website\",\"url\":\"https:\/\/momentumfacilitation-f6bca0.ingress-comporellon.ewp.live\/\",\"name\":\"Momentum Facilitation\",\"description\":\"\",\"publisher\":{\"@id\":\"https:\/\/momentumfacilitation-f6bca0.ingress-comporellon.ewp.live\/#organization\"},\"potentialAction\":[{\"@type\":\"SearchAction\",\"target\":{\"@type\":\"EntryPoint\",\"urlTemplate\":\"https:\/\/momentumfacilitation-f6bca0.ingress-comporellon.ewp.live\/?s={search_term_string}\"},\"query-input\":{\"@type\":\"PropertyValueSpecification\",\"valueRequired\":true,\"valueName\":\"search_term_string\"}}],\"inLanguage\":\"fr-BE\"},{\"@type\":\"Organization\",\"@id\":\"https:\/\/momentumfacilitation-f6bca0.ingress-comporellon.ewp.live\/#organization\",\"name\":\"Momentum Facilitation\",\"url\":\"https:\/\/momentumfacilitation-f6bca0.ingress-comporellon.ewp.live\/\",\"logo\":{\"@type\":\"ImageObject\",\"inLanguage\":\"fr-BE\",\"@id\":\"https:\/\/momentumfacilitation-f6bca0.ingress-comporellon.ewp.live\/#\/schema\/logo\/image\/\",\"url\":\"https:\/\/momentumfacilitation.org\/wp-content\/uploads\/2024\/08\/20250429-Logo-Round.png\",\"contentUrl\":\"https:\/\/momentumfacilitation.org\/wp-content\/uploads\/2024\/08\/20250429-Logo-Round.png\",\"width\":416,\"height\":416,\"caption\":\"Momentum Facilitation\"},\"image\":{\"@id\":\"https:\/\/momentumfacilitation-f6bca0.ingress-comporellon.ewp.live\/#\/schema\/logo\/image\/\"}}]}<\/script>\n<!-- \/ Yoast SEO plugin. -->","yoast_head_json":{"title":"About - Momentum Facilitation","robots":{"index":"index","follow":"follow","max-snippet":"max-snippet:-1","max-image-preview":"max-image-preview:large","max-video-preview":"max-video-preview:-1"},"canonical":"https:\/\/momentumfacilitation.org\/fr\/about\/","og_locale":"fr_FR","og_type":"article","og_title":"About - Momentum Facilitation","og_description":"Meet our team We are a collective of facilitators with complementary skills and a shared vision working at the intersection between inner development and outer action. Acacia Smith A facilitator and certified mindfulness teacher, she also has 10+ years experience working as a climate policy expert with a focus on building and facilitating multi-stakeholder partnerships [&hellip;]","og_url":"https:\/\/momentumfacilitation.org\/fr\/about\/","og_site_name":"Momentum Facilitation","article_modified_time":"2024-08-15T13:29:04+00:00","og_image":[{"url":"https:\/\/momentumfacilitation.org\/wp-content\/uploads\/2024\/08\/Acacia-edited-1.png","type":"","width":"","height":""}],"twitter_card":"summary_large_image","twitter_misc":{"Dur\u00e9e de lecture est.":"1 minute"},"schema":{"@context":"https:\/\/schema.org","@graph":[{"@type":"WebPage","@id":"https:\/\/momentumfacilitation.org\/about\/","url":"https:\/\/momentumfacilitation.org\/about\/","name":"About - Momentum Facilitation","isPartOf":{"@id":"https:\/\/momentumfacilitation-f6bca0.ingress-comporellon.ewp.live\/#website"},"primaryImageOfPage":{"@id":"https:\/\/momentumfacilitation.org\/about\/#primaryimage"},"image":{"@id":"https:\/\/momentumfacilitation.org\/about\/#primaryimage"},"thumbnailUrl":"https:\/\/momentumfacilitation.org\/wp-content\/uploads\/2024\/08\/Acacia-edited-1.png","datePublished":"2024-08-12T20:20:26+00:00","dateModified":"2024-08-15T13:29:04+00:00","breadcrumb":{"@id":"https:\/\/momentumfacilitation.org\/about\/#breadcrumb"},"inLanguage":"fr-BE","potentialAction":[{"@type":"ReadAction","target":["https:\/\/momentumfacilitation.org\/about\/"]}]},{"@type":"ImageObject","inLanguage":"fr-BE","@id":"https:\/\/momentumfacilitation.org\/about\/#primaryimage","url":"https:\/\/momentumfacilitation.org\/wp-content\/uploads\/2024\/08\/Acacia-edited-1.png","contentUrl":"https:\/\/momentumfacilitation.org\/wp-content\/uploads\/2024\/08\/Acacia-edited-1.png"},{"@type":"BreadcrumbList","@id":"https:\/\/momentumfacilitation.org\/about\/#breadcrumb","itemListElement":[{"@type":"ListItem","position":1,"name":"Home","item":"https:\/\/momentumfacilitation.org\/"},{"@type":"ListItem","position":2,"name":"About"}]},{"@type":"WebSite","@id":"https:\/\/momentumfacilitation-f6bca0.ingress-comporellon.ewp.live\/#website","url":"https:\/\/momentumfacilitation-f6bca0.ingress-comporellon.ewp.live\/","name":"Momentum Facilitation","description":"","publisher":{"@id":"https:\/\/momentumfacilitation-f6bca0.ingress-comporellon.ewp.live\/#organization"},"potentialAction":[{"@type":"SearchAction","target":{"@type":"EntryPoint","urlTemplate":"https:\/\/momentumfacilitation-f6bca0.ingress-comporellon.ewp.live\/?s={search_term_string}"},"query-input":{"@type":"PropertyValueSpecification","valueRequired":true,"valueName":"search_term_string"}}],"inLanguage":"fr-BE"},{"@type":"Organization","@id":"https:\/\/momentumfacilitation-f6bca0.ingress-comporellon.ewp.live\/#organization","name":"Momentum Facilitation","url":"https:\/\/momentumfacilitation-f6bca0.ingress-comporellon.ewp.live\/","logo":{"@type":"ImageObject","inLanguage":"fr-BE","@id":"https:\/\/momentumfacilitation-f6bca0.ingress-comporellon.ewp.live\/#\/schema\/logo\/image\/","url":"https:\/\/momentumfacilitation.org\/wp-content\/uploads\/2024\/08\/20250429-Logo-Round.png","contentUrl":"https:\/\/momentumfacilitation.org\/wp-content\/uploads\/2024\/08\/20250429-Logo-Round.png","width":416,"height":416,"caption":"Momentum Facilitation"},"image":{"@id":"https:\/\/momentumfacilitation-f6bca0.ingress-comporellon.ewp.live\/#\/schema\/logo\/image\/"}}]}},"_links":{"self":[{"href":"https:\/\/momentumfacilitation.org\/fr\/wp-json\/wp\/v2\/pages\/414","targetHints":{"allow":["GET"]}}],"collection":[{"href":"https:\/\/momentumfacilitation.org\/fr\/wp-json\/wp\/v2\/pages"}],"about":[{"href":"https:\/\/momentumfacilitation.org\/fr\/wp-json\/wp\/v2\/types\/page"}],"author":[{"embeddable":true,"href":"https:\/\/momentumfacilitation.org\/fr\/wp-json\/wp\/v2\/users\/1"}],"replies":[{"embeddable":true,"href":"https:\/\/momentumfacilitation.org\/fr\/wp-json\/wp\/v2\/comments?post=414"}],"version-history":[{"count":5,"href":"https:\/\/momentumfacilitation.org\/fr\/wp-json\/wp\/v2\/pages\/414\/revisions"}],"predecessor-version":[{"id":620,"href":"https:\/\/momentumfacilitation.org\/fr\/wp-json\/wp\/v2\/pages\/414\/revisions\/620"}],"wp:attachment":[{"href":"https:\/\/momentumfacilitation.org\/fr\/wp-json\/wp\/v2\/media?parent=414"}],"curies":[{"name":"wp","href":"https:\/\/api.w.org\/{rel}","templated":true}]}}